{"id":7583,"date":"2020-11-14T20:00:47","date_gmt":"2020-11-15T01:00:47","guid":{"rendered":"https:\/\/videotecadelcine.net\/index.php\/member-tos-page\/"},"modified":"2020-11-15T03:52:41","modified_gmt":"2020-11-15T08:52:41","slug":"member-tos-page","status":"publish","type":"page","link":"https:\/\/videotecadelcine.net\/index.php\/member-tos-page\/","title":{"rendered":"Aviso Legal y T\u00e9rminos de Uso"},"content":{"rendered":"<p><span style=\"color: #ffffff;\"><strong>VIDEOTECA DEL CINE<\/strong><\/span><\/p>\n<p>Aclaramos que esta web es una recopilaci\u00f3n de enlaces a los trailers y videos que han sido encontrados en diferentes sitios webs\u00a0 y desconocemos realmente si los mismos tienen contratos de cesi\u00f3n de derechos sobre este material para reproducirlos o alojarlos. Todo lo publicado fu\u00e9 encontrado en el World Wide Web de Internet, siendo este un sitio web de informaci\u00f3n. Por lo que nos limitamos a decir d\u00f3nde est\u00e1, nosotros no la proveemos, ni alojamos ning\u00fan tipo de material que pueda infringir los derechos de autor.<\/p>\n<p>Todas las marcas, logos e imagenes utilizadas est\u00e1n registrados por sus leg\u00edtimos propietarios y solamente se emplean en referencia a las mismas y con un fin de cita o informativo, de acuerdo con el articulo 32 LPI. &#8211; VIDEOTECA DEL CINE no se hace responsable por el uso indebido que los usuarios puedan hacer del contenido de nuestra p\u00e1gina.<\/p>\n<p><span style=\"color: #ffffff;\"><strong>1. Acceso y Caracter\u00edsticas<\/strong><\/span><\/p>\n<p>1.1 El USUARIO declara que es mayor de edad y que, en todo caso, se encuentra plenamente capacitado conforme a su ley personal para el acceso a este servicio y para la aceptaci\u00f3n con plenos efectos de las presentes condiciones. Expresamente se advierte que algunos de los apartados de esta web, por sus referencias o tem\u00e1tica, pueden incluir comentarios o expresiones especialmente restringidas a personas adultas, y no aptas para menores de edad o personas sensibles.<\/p>\n<p>1.2 Puede accederse a la mayor\u00eda de las p\u00e1ginas del portal sin restricci\u00f3n alguna. En todo caso, se requiere como m\u00ednimo un ordenador personal o dispositivo que cumpla las mismas funciones, una conexi\u00f3n a Internet y cualquier navegador compatible con lenguaje HTML 4.1 y que admita la ejecuci\u00f3n de aplicaciones en lenguaje JavaScript y ActionScript.<\/p>\n<p>1.3 Esta Web consiste en un espacio de informaci\u00f3n, comunicaci\u00f3n y discusi\u00f3n sobre contenidos de ocio, ya sean audiovisuales como pel\u00edculas, series o programas de televisi\u00f3n o cualesquiera otros relacionados con el entretenimiento. Como espacio de discusi\u00f3n, el USUARIO se compromete a respetar las opiniones de los dem\u00e1s participantes y a favorecer el funcionamiento correcto del foro conforme a las finalidades anteriores. En concreto, el USUARIO se abstendr\u00e1 de:<\/p>\n<p>a. Transmitir o introducir, de cualquier forma, contenido que sea il\u00edcito, peligroso o pudiera resultar ofensivo o perjudicial para terceros.<br \/>\nb. Transmitir o introducir, de cualquier forma, contenido que lesione los derechos o intereses de terceros, as\u00ed como revelar informaci\u00f3n de car\u00e1cter personal, \u00edntimo, confidencial o secreta de \u00e9stos sin su consentimiento.<br \/>\nc. Introducir o transmitir, de cualquier forma, comunicaciones comerciales o promocionales, mensajes en cadena, esquemas piramidales o cualesquiera otros contenidos que persigan finalidades semejantes<br \/>\nd. Recopilar cualquier informaci\u00f3n o dato de car\u00e1cter personal sin el consentimiento previo de dichas personas.Se entender\u00e1 por \u201ccontenido\u201d textos, im\u00e1genes, animaciones o archivos multimedia, programas o aplicaciones inform\u00e1ticas, o enlaces de hipertexto.<\/p>\n<p><span style=\"color: #ffffff;\"><strong>2. Propiedad Intelectual e Industrial<\/strong><\/span><\/p>\n<p>2.1 El acceso y uso de esta Web no atribuye por si solo licencia, cesi\u00f3n o reconocimiento de derecho alguno en favor del USUARIO, que en todo momento se compromete al respeto de los derechos de propiedad intelectual e industrial que correspondan a terceros. Sin perjuicio de lo anterior, se autoriza uso de los elementos anteriores en la justa medida en que resulten imprescindibles para el acceso, visualizaci\u00f3n y operaci\u00f3n del Web.<\/p>\n<p>2.2 En caso de que el USUARIO o un tercero detecte contenidos en esta Web que lesionen o infrinjan derechos de propiedad intelectual o industrial de terceras partes, les rogamos se pongan en contacto con Nosotros a trav\u00e9s de la direcci\u00f3n videotecadelcine@gmail.com, indic\u00e1ndonos los siguientes elementos en su demanda por infracci\u00f3n de derechos de autor:<\/p>\n<p>&#8211; Proporcionar suficiente informaci\u00f3n de contacto para que podamos contactar con usted. Tambi\u00e9n debe incluir una direcci\u00f3n v\u00e1lida de correo electr\u00f3nico.<br \/>\n&#8211; Proporcionar evidencia de la persona autorizada para actuar en nombre del titular de un derecho exclusivo presuntamente infringido.<br \/>\n&#8211; Identifique el material que usted demanda est\u00e1 infringiendo derechos de autor de su trabajo, a la cual usted est\u00e1 solicitando que \u00abVideoteca del Cine\u00bb inhabilitar el acceso a la World Wide Web.<br \/>\n&#8211; Identificar la ubicaci\u00f3n del material en la World Wide Web, proporcionando informaci\u00f3n razonablemente suficiente para permitir \u00abVideoteca del Cine\u00bb para localizar el material. Eso significa el URL del contenido.<br \/>\n&#8211; Una declaraci\u00f3n de que la parte demandante tiene una creencia de buena fe que el uso del material descrito en la reclamaci\u00f3n no est\u00e1 autorizado por el propietario del copyright, su agente o la ley.<br \/>\n&#8211; Una declaraci\u00f3n de que la informaci\u00f3n contenida en la notificaci\u00f3n es exacta, y bajo pena de perjurio, que la parte reclamante est\u00e1 autorizada para actuar en nombre del titular de un derecho exclusivo presuntamente infringido.<br \/>\n&#8211; Debe ser firmado por la persona autorizada para actuar en nombre del titular de un derecho exclusivo que supuestamente se est\u00e1n violando.<\/p>\n<p><span style=\"color: #ffffff;\"><strong>3. Responsabilidad y moderaci\u00f3n de los contenidos<\/strong><\/span><\/p>\n<p>3.1 La responsabilidad por los contenidos corresponde a quien los introduzca. En este sentido, ni los administradores o moderadores de esta Web aprueban, recomiendan ni valoran la informaci\u00f3n facilitada por los usuarios del servicio, que no reflejan necesariamente su punto de vista, sin que por tanto asuman directamente ninguna responsabilidad por dichos contenidos.<\/p>\n<p>3.2 El USUARIO responde frente a terceros de las consecuencias, responsabilidades, da\u00f1os y perjuicios que se deriven de los contenidos que introduzca de cualquier modo, ya sean textos, im\u00e1genes, archivos o enlaces de hipertexto. Asimismo, garantiza que cuenta con las autorizaciones, licencias o derechos en su caso pertinentes para la introducci\u00f3n o difusi\u00f3n de los contenidos que incorpore, y que en todo caso no infringen cualesquiera derechos de terceros, ya sean de propiedad intelectual, industrial, honor, intimidad, imagen, protecci\u00f3n de datos, publicidad, mercado y competencia, comercio o servicios electr\u00f3nicos u otros que resulten aplicables.<\/p>\n<p>3.2 En todo caso, los administradores de esta Web podr\u00e1n moderar y velar por el correcto uso de la misma, pudiendo eliminar, total o parcialmente, cualquier contenido que infrinja, real o potencialmente, lo dispuesto en estas condiciones o en la legislaci\u00f3n vigente. Si considera que algunos de estos contenidos atentan contra su persona o contra terceros, o pueden considerarse il\u00edcitos o inapropiados, le rogamos se ponga en contacto con nosotros a la direcci\u00f3n videotecadelcine@gmail.com para que podamos valorarlos y adoptar en su caso las medidas oportunas.<\/p>\n","protected":false},"excerpt":{"rendered":"<p>VIDEOTECA DEL CINE Aclaramos que esta web es una recopilaci\u00f3n de enlaces a los trailers y videos que han sido encontrados en diferentes sitios webs\u00a0 y desconocemos realmente si los mismos tienen contratos de cesi\u00f3n de derechos sobre este material para reproducirlos o alojarlos. Todo lo publicado fu\u00e9 encontrado en el World Wide Web de [&hellip;]<\/p>\n","protected":false},"author":2,"featured_media":0,"parent":0,"menu_order":0,"comment_status":"closed","ping_status":"closed","template":"","meta":{"_joinchat":[]},"_links":{"self":[{"href":"https:\/\/videotecadelcine.net\/index.php\/wp-json\/wp\/v2\/pages\/7583"}],"collection":[{"href":"https:\/\/videotecadelcine.net\/index.php\/wp-json\/wp\/v2\/pages"}],"about":[{"href":"https:\/\/videotecadelcine.net\/index.php\/wp-json\/wp\/v2\/types\/page"}],"author":[{"embeddable":true,"href":"https:\/\/videotecadelcine.net\/index.php\/wp-json\/wp\/v2\/users\/2"}],"replies":[{"embeddable":true,"href":"https:\/\/videotecadelcine.net\/index.php\/wp-json\/wp\/v2\/comments?post=7583"}],"version-history":[{"count":0,"href":"https:\/\/videotecadelcine.net\/index.php\/wp-json\/wp\/v2\/pages\/7583\/revisions"}],"wp:attachment":[{"href":"https:\/\/videotecadelcine.net\/index.php\/wp-json\/wp\/v2\/media?parent=7583"}],"curies":[{"name":"wp","href":"https:\/\/api.w.org\/{rel}","templated":true}]}}