{"id":4022,"date":"2020-02-29T23:18:58","date_gmt":"2020-03-01T04:18:58","guid":{"rendered":"http:\/\/videotecadelcine.net\/?page_id=4022"},"modified":"2020-10-06T02:57:39","modified_gmt":"2020-10-06T07:57:39","slug":"regla-de-uso","status":"publish","type":"page","link":"https:\/\/videotecadelcine.net\/index.php\/regla-de-uso\/","title":{"rendered":"Reglas de Uso"},"content":{"rendered":"<ul>\n<li><strong>Puedes iniciar sesi\u00f3n hasta en 4 dispositivos diferentes. Si llegas a superar ese limite de conexiones autom\u00e1ticamente el sistema cerrar\u00e1 todas las otras sesiones abiertas y de nuevo deber\u00e1s volver a iniciar sesi\u00f3n en cada uno de ellos, para evitar esto\u00a0 intenta siempre respetar ese limite. Por tal raz\u00f3n, tu registro y\/o suscripci\u00f3n deber\u00eda ser de uso personal, evita compartir tu clave o los datos de tu cuenta con terceros, NO nos hacemos responsables si debido a esa practica tienes problemas para ingresar a tu cuenta o pierdes el acceso continuamente, queda bajo tu responsabilidad. Recuerda que si necesitas disfrutar o compartir el contenido en otro lugar o conectar mas de 4 dispositivos simult\u00e1neos lo m\u00e1s recomendable ser\u00eda adquirir otra suscripci\u00f3n.<\/strong><\/li>\n<\/ul>\n<p>&nbsp;<\/p>\n<ul>\n<li><strong>Evita compartir los enlaces de las pel\u00edculas, hacer esto causa el bloqueo del contenido perjudicando la colecci\u00f3n, has uso adecuado de la plataforma para que todos podamos disfrutar del contenido.\u00a0<\/strong><\/li>\n<\/ul>\n<p>Teniendo en claro lo anterior esperamos puedas disfrutar de tu estad\u00eda en Videoteca del Cine\u00a1\u00a1 La Mejor Colecci\u00f3n de Pel\u00edculas y Series Online\u00a1\u00a1<\/p>\n","protected":false},"excerpt":{"rendered":"<p>Puedes iniciar sesi\u00f3n hasta en 4 dispositivos diferentes. Si llegas a superar ese limite de conexiones autom\u00e1ticamente el sistema cerrar\u00e1 todas las otras sesiones abiertas y de nuevo deber\u00e1s volver a iniciar sesi\u00f3n en cada uno de ellos, para evitar esto\u00a0 intenta siempre respetar ese limite. Por tal raz\u00f3n, tu registro y\/o suscripci\u00f3n deber\u00eda ser [&hellip;]<\/p>\n","protected":false},"author":17,"featured_media":0,"parent":0,"menu_order":0,"comment_status":"closed","ping_status":"closed","template":"","meta":{"_joinchat":[]},"_links":{"self":[{"href":"https:\/\/videotecadelcine.net\/index.php\/wp-json\/wp\/v2\/pages\/4022"}],"collection":[{"href":"https:\/\/videotecadelcine.net\/index.php\/wp-json\/wp\/v2\/pages"}],"about":[{"href":"https:\/\/videotecadelcine.net\/index.php\/wp-json\/wp\/v2\/types\/page"}],"author":[{"embeddable":true,"href":"https:\/\/videotecadelcine.net\/index.php\/wp-json\/wp\/v2\/users\/17"}],"replies":[{"embeddable":true,"href":"https:\/\/videotecadelcine.net\/index.php\/wp-json\/wp\/v2\/comments?post=4022"}],"version-history":[{"count":0,"href":"https:\/\/videotecadelcine.net\/index.php\/wp-json\/wp\/v2\/pages\/4022\/revisions"}],"wp:attachment":[{"href":"https:\/\/videotecadelcine.net\/index.php\/wp-json\/wp\/v2\/media?parent=4022"}],"curies":[{"name":"wp","href":"https:\/\/api.w.org\/{rel}","templated":true}]}}