{"id":3,"date":"2019-07-29T09:01:20","date_gmt":"2019-07-29T09:01:20","guid":{"rendered":"http:\/\/videotecadelcine.net\/?page_id=3"},"modified":"2022-10-13T22:12:37","modified_gmt":"2022-10-14T03:12:37","slug":"privacy-policy","status":"publish","type":"page","link":"https:\/\/videotecadelcine.net\/index.php\/privacy-policy\/","title":{"rendered":"Pol\u00edtica de Privacidad"},"content":{"rendered":"\n<h2><span style=\"color: #ffffff;\">Quienes Somos<\/span><\/h2>\n\n\n\n<p><p>La direcci\u00f3n de nuestro sitio web es: https:\/\/www.videotecadelcine.net.<\/p>\n<p>&nbsp;<\/p><\/p>\n\n\n\n<h2><span style=\"color: #ffffff;\">1. Informaci\u00f3n importante:<\/span><\/h2>\n\n\n\n<p>La App no recoge ning\u00fan dato de car\u00e1cter personal del usuario como, por ejemplo, nombre, fotograf\u00edas o localizaci\u00f3n.<\/p>\n\n\n\n<p><\/p>\n\n\n\n<p>En consecuencia la app no comparte ning\u00fan dato personal con ninguna otra entidad o terceras personas<\/p>\n\n\n\n<p> <p>\u00a0<\/p><\/p>\n\n\n\n\n\n\n\n<h3><span style=\"color: #ffffff;\">2. Contenido Embebido de otros sitios web ( Cookies de Terceros )<\/span><\/h3>\n\n\n\n<p><p>Los art\u00edculos en este sitio pueden incluir contenido incrustado (por ejemplo, videos, im\u00e1genes, art\u00edculos, etc.). El contenido incrustado de otros sitios web se comporta exactamente de la misma manera que si el visitante hubiera visitado el otro sitio web.<\/p>\n<p>Estos sitios web pueden recopilar datos sobre usted, usar cookies, incrustar seguimiento adicional de terceros y monitorear su interacci\u00f3n con ese contenido incrustado, incluido el seguimiento de su interacci\u00f3n con el contenido incrustado si tiene una cuenta y ha iniciado sesi\u00f3n en ese sitio web.<\/p>\n<p>&nbsp;<\/p><\/p>\n\n\n\n<p><\/p>\n","protected":false},"excerpt":{"rendered":"<p>Quienes Somos La direcci\u00f3n de nuestro sitio web es: https:\/\/www.videotecadelcine.net. &nbsp; 1. Informaci\u00f3n importante: La App no recoge ning\u00fan dato de car\u00e1cter personal del usuario como, por ejemplo, nombre, fotograf\u00edas o localizaci\u00f3n. En consecuencia la app no comparte ning\u00fan dato personal con ninguna otra entidad o terceras personas \u00a0 2. Contenido Embebido de otros sitios [&hellip;]<\/p>\n","protected":false},"author":1,"featured_media":0,"parent":0,"menu_order":0,"comment_status":"closed","ping_status":"open","template":"","meta":{"_joinchat":[]},"_links":{"self":[{"href":"https:\/\/videotecadelcine.net\/index.php\/wp-json\/wp\/v2\/pages\/3"}],"collection":[{"href":"https:\/\/videotecadelcine.net\/index.php\/wp-json\/wp\/v2\/pages"}],"about":[{"href":"https:\/\/videotecadelcine.net\/index.php\/wp-json\/wp\/v2\/types\/page"}],"author":[{"embeddable":true,"href":"https:\/\/videotecadelcine.net\/index.php\/wp-json\/wp\/v2\/users\/1"}],"replies":[{"embeddable":true,"href":"https:\/\/videotecadelcine.net\/index.php\/wp-json\/wp\/v2\/comments?post=3"}],"version-history":[{"count":0,"href":"https:\/\/videotecadelcine.net\/index.php\/wp-json\/wp\/v2\/pages\/3\/revisions"}],"wp:attachment":[{"href":"https:\/\/videotecadelcine.net\/index.php\/wp-json\/wp\/v2\/media?parent=3"}],"curies":[{"name":"wp","href":"https:\/\/api.w.org\/{rel}","templated":true}]}}